{"id":73178,"date":"2026-05-02T08:00:34","date_gmt":"2026-05-02T06:00:34","guid":{"rendered":"https:\/\/www.advdhorst.nl\/product\/striptang-alle-draaddiameters\/"},"modified":"2026-05-02T13:10:40","modified_gmt":"2026-05-02T11:10:40","slug":"striptang-alle-draaddiameters","status":"publish","type":"product","link":"https:\/\/www.advdhorst.nl\/de\/produkt\/striptang-alle-draaddiameters\/","title":{"rendered":"Striptang alle draaddiameters"},"content":{"rendered":"<article class=\"pdp-shopping-mode__slideshow\" data-v-99b023b5=\"\">\n<div class=\"product-gallery-simple\" data-v-be6053a8=\"\">\n<div class=\"gallery-swiper-pdp gallery-swiper-pdp--full-width product-gallery-simple__slider\" data-v-be6053a8=\"\" data-v-8501a3f3=\"\">\n<div class=\"gallery-swiper-pdp__track\" data-v-8501a3f3=\"\">\n<div class=\"gallery-swiper-pdp__body\" data-v-8501a3f3=\"\">\n<div class=\"\" data-v-be6053a8=\"\">\n<div class=\"product-gallery-simple__product-badge\" data-v-adb0ba61=\"\" data-v-be6053a8=\"\">Voor het afstrippen van alle diameters electriciteitsdraad. Een multifunctionele kabelstriptang voor een nauwkeurige en eenvoudige verwerking van elektrodraad en kabelschoenen. Strippen van rubber en PVC kabels zonder de binnenkabels te beschadigen van 0,13 tot 6,0 mm\u00e9. Strippen in het midden van kabels zonder de binnenkabels te beschadigen van 0,5 tot 6,0 mm\u00e9. Knippen van elektrodraad. Bevestigen van ge\u00efsoleerde kabelschoenen, 1,5 tot 6,0 mm\u00e9. Bevestigen van onge\u00efsoleerde kabelschoenen, 1,5 tot 2,5 mm\u00e9 en van 4,0 tot 6,0 mm\u00e9.<\/div>\n<\/div>\n<\/div>\n<\/div>\n<\/div>\n<\/div>\n<\/article>\n","protected":false},"excerpt":{"rendered":"<p>Voor het afstrippen van alle diameters electriciteitsdraad. Een multifunctionele kabelstriptang voor een nauwkeurige en eenvoudige verwerking van elektrodraad en kabelschoenen. Strippen van rubber en PVC kabels zonder de binnenkabels te beschadigen van 0,13 tot 6,0 mm\u00e9. Strippen in het midden van kabels zonder de binnenkabels te beschadigen van 0,5 tot 6,0 mm\u00e9. Knippen van elektrodraad. [&hellip;]<\/p>\n","protected":false},"featured_media":73176,"comment_status":"closed","ping_status":"closed","template":"","meta":{"_acf_changed":false},"product_brand":[],"product_cat":[241,330,249,331],"product_tag":[],"class_list":{"0":"post-73178","1":"product","2":"type-product","3":"status-publish","4":"has-post-thumbnail","6":"product_cat-2cv-onderdelen-de","7":"product_cat-gereedschap-de","8":"product_cat-mehari-onderdelen-de","9":"product_cat-gereedschap-mehari-onderdelen-de","11":"first","12":"instock","13":"taxable","14":"shipping-taxable","15":"purchasable","16":"product-type-simple"},"acf":[],"yoast_head":"<!-- This site is optimized with the Yoast SEO plugin v27.3 - https:\/\/yoast.com\/product\/yoast-seo-wordpress\/ -->\n<title>Striptang alle draaddiameters - Ad v.d. Horst<\/title>\n<meta name=\"robots\" content=\"index, follow, max-snippet:-1, max-image-preview:large, max-video-preview:-1\" \/>\n<link rel=\"canonical\" href=\"https:\/\/www.advdhorst.nl\/de\/produkt\/striptang-alle-draaddiameters\/\" \/>\n<meta property=\"og:locale\" content=\"de_DE\" \/>\n<meta property=\"og:type\" content=\"article\" \/>\n<meta property=\"og:title\" content=\"Striptang alle draaddiameters - Ad v.d. Horst\" \/>\n<meta property=\"og:description\" content=\"Voor het afstrippen van alle diameters electriciteitsdraad. Een multifunctionele kabelstriptang voor een nauwkeurige en eenvoudige verwerking van elektrodraad en kabelschoenen. Strippen van rubber en PVC kabels zonder de binnenkabels te beschadigen van 0,13 tot 6,0 mm\u00e9. Strippen in het midden van kabels zonder de binnenkabels te beschadigen van 0,5 tot 6,0 mm\u00e9. Knippen van elektrodraad. [&hellip;]\" \/>\n<meta property=\"og:url\" content=\"https:\/\/www.advdhorst.nl\/de\/produkt\/striptang-alle-draaddiameters\/\" \/>\n<meta property=\"og:site_name\" content=\"Ad v.d. Horst\" \/>\n<meta property=\"article:modified_time\" content=\"2026-05-02T11:10:40+00:00\" \/>\n<meta property=\"og:image\" content=\"https:\/\/www.advdhorst.nl\/wp-content\/uploads\/2026\/04\/A1.2750.jpg\" \/>\n\t<meta property=\"og:image:width\" content=\"700\" \/>\n\t<meta property=\"og:image:height\" content=\"700\" \/>\n\t<meta property=\"og:image:type\" content=\"image\/jpeg\" \/>\n<meta name=\"twitter:card\" content=\"summary_large_image\" \/>\n<script type=\"application\/ld+json\" class=\"yoast-schema-graph\">{\"@context\":\"https:\\\/\\\/schema.org\",\"@graph\":[{\"@type\":\"WebPage\",\"@id\":\"https:\\\/\\\/www.advdhorst.nl\\\/de\\\/produkt\\\/striptang-alle-draaddiameters\\\/\",\"url\":\"https:\\\/\\\/www.advdhorst.nl\\\/de\\\/produkt\\\/striptang-alle-draaddiameters\\\/\",\"name\":\"Striptang alle draaddiameters - Ad v.d. Horst\",\"isPartOf\":{\"@id\":\"https:\\\/\\\/www.advdhorst.nl\\\/en\\\/#website\"},\"primaryImageOfPage\":{\"@id\":\"https:\\\/\\\/www.advdhorst.nl\\\/de\\\/produkt\\\/striptang-alle-draaddiameters\\\/#primaryimage\"},\"image\":{\"@id\":\"https:\\\/\\\/www.advdhorst.nl\\\/de\\\/produkt\\\/striptang-alle-draaddiameters\\\/#primaryimage\"},\"thumbnailUrl\":\"https:\\\/\\\/www.advdhorst.nl\\\/wp-content\\\/uploads\\\/2026\\\/04\\\/A1.2750.jpg\",\"datePublished\":\"2026-05-02T06:00:34+00:00\",\"dateModified\":\"2026-05-02T11:10:40+00:00\",\"breadcrumb\":{\"@id\":\"https:\\\/\\\/www.advdhorst.nl\\\/de\\\/produkt\\\/striptang-alle-draaddiameters\\\/#breadcrumb\"},\"inLanguage\":\"de\",\"potentialAction\":[{\"@type\":\"ReadAction\",\"target\":[\"https:\\\/\\\/www.advdhorst.nl\\\/de\\\/produkt\\\/striptang-alle-draaddiameters\\\/\"]}]},{\"@type\":\"ImageObject\",\"inLanguage\":\"de\",\"@id\":\"https:\\\/\\\/www.advdhorst.nl\\\/de\\\/produkt\\\/striptang-alle-draaddiameters\\\/#primaryimage\",\"url\":\"https:\\\/\\\/www.advdhorst.nl\\\/wp-content\\\/uploads\\\/2026\\\/04\\\/A1.2750.jpg\",\"contentUrl\":\"https:\\\/\\\/www.advdhorst.nl\\\/wp-content\\\/uploads\\\/2026\\\/04\\\/A1.2750.jpg\",\"width\":700,\"height\":700},{\"@type\":\"BreadcrumbList\",\"@id\":\"https:\\\/\\\/www.advdhorst.nl\\\/de\\\/produkt\\\/striptang-alle-draaddiameters\\\/#breadcrumb\",\"itemListElement\":[{\"@type\":\"ListItem\",\"position\":1,\"name\":\"Home\",\"item\":\"https:\\\/\\\/www.advdhorst.nl\\\/de\\\/\"},{\"@type\":\"ListItem\",\"position\":2,\"name\":\"Shop\",\"item\":\"https:\\\/\\\/www.advdhorst.nl\\\/de\\\/shop\\\/\"},{\"@type\":\"ListItem\",\"position\":3,\"name\":\"Striptang alle draaddiameters\"}]},{\"@type\":\"WebSite\",\"@id\":\"https:\\\/\\\/www.advdhorst.nl\\\/en\\\/#website\",\"url\":\"https:\\\/\\\/www.advdhorst.nl\\\/en\\\/\",\"name\":\"Ad v.d. Horst\",\"description\":\"D\u00e9 2CV &amp; Mehari Specialist\",\"potentialAction\":[{\"@type\":\"SearchAction\",\"target\":{\"@type\":\"EntryPoint\",\"urlTemplate\":\"https:\\\/\\\/www.advdhorst.nl\\\/en\\\/?s={search_term_string}\"},\"query-input\":{\"@type\":\"PropertyValueSpecification\",\"valueRequired\":true,\"valueName\":\"search_term_string\"}}],\"inLanguage\":\"de\"}]}<\/script>\n<!-- \/ Yoast SEO plugin. -->","yoast_head_json":{"title":"Striptang alle draaddiameters - Ad v.d. Horst","robots":{"index":"index","follow":"follow","max-snippet":"max-snippet:-1","max-image-preview":"max-image-preview:large","max-video-preview":"max-video-preview:-1"},"canonical":"https:\/\/www.advdhorst.nl\/de\/produkt\/striptang-alle-draaddiameters\/","og_locale":"de_DE","og_type":"article","og_title":"Striptang alle draaddiameters - Ad v.d. Horst","og_description":"Voor het afstrippen van alle diameters electriciteitsdraad. Een multifunctionele kabelstriptang voor een nauwkeurige en eenvoudige verwerking van elektrodraad en kabelschoenen. Strippen van rubber en PVC kabels zonder de binnenkabels te beschadigen van 0,13 tot 6,0 mm\u00e9. Strippen in het midden van kabels zonder de binnenkabels te beschadigen van 0,5 tot 6,0 mm\u00e9. Knippen van elektrodraad. [&hellip;]","og_url":"https:\/\/www.advdhorst.nl\/de\/produkt\/striptang-alle-draaddiameters\/","og_site_name":"Ad v.d. Horst","article_modified_time":"2026-05-02T11:10:40+00:00","og_image":[{"width":700,"height":700,"url":"https:\/\/www.advdhorst.nl\/wp-content\/uploads\/2026\/04\/A1.2750.jpg","type":"image\/jpeg"}],"twitter_card":"summary_large_image","schema":{"@context":"https:\/\/schema.org","@graph":[{"@type":"WebPage","@id":"https:\/\/www.advdhorst.nl\/de\/produkt\/striptang-alle-draaddiameters\/","url":"https:\/\/www.advdhorst.nl\/de\/produkt\/striptang-alle-draaddiameters\/","name":"Striptang alle draaddiameters - Ad v.d. Horst","isPartOf":{"@id":"https:\/\/www.advdhorst.nl\/en\/#website"},"primaryImageOfPage":{"@id":"https:\/\/www.advdhorst.nl\/de\/produkt\/striptang-alle-draaddiameters\/#primaryimage"},"image":{"@id":"https:\/\/www.advdhorst.nl\/de\/produkt\/striptang-alle-draaddiameters\/#primaryimage"},"thumbnailUrl":"https:\/\/www.advdhorst.nl\/wp-content\/uploads\/2026\/04\/A1.2750.jpg","datePublished":"2026-05-02T06:00:34+00:00","dateModified":"2026-05-02T11:10:40+00:00","breadcrumb":{"@id":"https:\/\/www.advdhorst.nl\/de\/produkt\/striptang-alle-draaddiameters\/#breadcrumb"},"inLanguage":"de","potentialAction":[{"@type":"ReadAction","target":["https:\/\/www.advdhorst.nl\/de\/produkt\/striptang-alle-draaddiameters\/"]}]},{"@type":"ImageObject","inLanguage":"de","@id":"https:\/\/www.advdhorst.nl\/de\/produkt\/striptang-alle-draaddiameters\/#primaryimage","url":"https:\/\/www.advdhorst.nl\/wp-content\/uploads\/2026\/04\/A1.2750.jpg","contentUrl":"https:\/\/www.advdhorst.nl\/wp-content\/uploads\/2026\/04\/A1.2750.jpg","width":700,"height":700},{"@type":"BreadcrumbList","@id":"https:\/\/www.advdhorst.nl\/de\/produkt\/striptang-alle-draaddiameters\/#breadcrumb","itemListElement":[{"@type":"ListItem","position":1,"name":"Home","item":"https:\/\/www.advdhorst.nl\/de\/"},{"@type":"ListItem","position":2,"name":"Shop","item":"https:\/\/www.advdhorst.nl\/de\/shop\/"},{"@type":"ListItem","position":3,"name":"Striptang alle draaddiameters"}]},{"@type":"WebSite","@id":"https:\/\/www.advdhorst.nl\/en\/#website","url":"https:\/\/www.advdhorst.nl\/en\/","name":"Ad v.d. Horst","description":"D\u00e9 2CV &amp; Mehari Specialist","potentialAction":[{"@type":"SearchAction","target":{"@type":"EntryPoint","urlTemplate":"https:\/\/www.advdhorst.nl\/en\/?s={search_term_string}"},"query-input":{"@type":"PropertyValueSpecification","valueRequired":true,"valueName":"search_term_string"}}],"inLanguage":"de"}]}},"_links":{"self":[{"href":"https:\/\/www.advdhorst.nl\/de\/wp-json\/wp\/v2\/product\/73178","targetHints":{"allow":["GET"]}}],"collection":[{"href":"https:\/\/www.advdhorst.nl\/de\/wp-json\/wp\/v2\/product"}],"about":[{"href":"https:\/\/www.advdhorst.nl\/de\/wp-json\/wp\/v2\/types\/product"}],"replies":[{"embeddable":true,"href":"https:\/\/www.advdhorst.nl\/de\/wp-json\/wp\/v2\/comments?post=73178"}],"wp:featuredmedia":[{"embeddable":true,"href":"https:\/\/www.advdhorst.nl\/de\/wp-json\/wp\/v2\/media\/73176"}],"wp:attachment":[{"href":"https:\/\/www.advdhorst.nl\/de\/wp-json\/wp\/v2\/media?parent=73178"}],"wp:term":[{"taxonomy":"product_brand","embeddable":true,"href":"https:\/\/www.advdhorst.nl\/de\/wp-json\/wp\/v2\/product_brand?post=73178"},{"taxonomy":"product_cat","embeddable":true,"href":"https:\/\/www.advdhorst.nl\/de\/wp-json\/wp\/v2\/product_cat?post=73178"},{"taxonomy":"product_tag","embeddable":true,"href":"https:\/\/www.advdhorst.nl\/de\/wp-json\/wp\/v2\/product_tag?post=73178"}],"curies":[{"name":"wp","href":"https:\/\/api.w.org\/{rel}","templated":true}]}}