{"id":36487,"date":"2019-03-03T10:43:19","date_gmt":"2019-03-03T09:43:19","guid":{"rendered":"https:\/\/www.advdhorst.nl\/product\/benzinetank-bevestigingsplaat-plastic-vierkant\/"},"modified":"2020-01-05T09:27:03","modified_gmt":"2020-01-05T08:27:03","slug":"benzinetank-bevestigingsplaat-plastic-vierkant","status":"publish","type":"product","link":"https:\/\/www.advdhorst.nl\/en\/product\/benzinetank-bevestigingsplaat-plastic-vierkant\/","title":{"rendered":"BENZINETANK BEVESTIGINGSPLAAT PLASTIC, VIERKANT"},"content":{"rendered":"","protected":false},"excerpt":{"rendered":"<p>Klein vierkant bevestigingsplaatje voor het monteren van de benzinetank van de Citro\u00ebn 2CV. Van dit vierkante schijfje gebruikt men er twee per auto, \u00e9\u00e9n aan de linkerkant en \u00e9\u00e9n aan de rechterkant van de tank, tussen de benzinetank en het chassis. Aan de voorzijde van de brandstoftank plaats men twee ronde vulbussen (zie artikelnummer A1.1162).<\/p>\n","protected":false},"featured_media":36485,"comment_status":"closed","ping_status":"closed","template":"","meta":{"_acf_changed":false},"product_brand":[],"product_cat":[320,321],"product_tag":[],"class_list":{"0":"post-36487","1":"product","2":"type-product","3":"status-publish","4":"has-post-thumbnail","6":"product_cat-brandstofsysteem-en","7":"product_cat-brandstofsysteem-motor-mehari-onderdelen-en","9":"first","10":"instock","11":"taxable","12":"shipping-taxable","13":"purchasable","14":"product-type-simple"},"acf":[],"yoast_head":"<!-- This site is optimized with the Yoast SEO plugin v27.3 - https:\/\/yoast.com\/product\/yoast-seo-wordpress\/ -->\n<title>BENZINETANK BEVESTIGINGSPLAAT PLASTIC, VIERKANT - Ad v.d. Horst<\/title>\n<meta name=\"robots\" content=\"index, follow, max-snippet:-1, max-image-preview:large, max-video-preview:-1\" \/>\n<link rel=\"canonical\" href=\"https:\/\/www.advdhorst.nl\/en\/product\/benzinetank-bevestigingsplaat-plastic-vierkant\/\" \/>\n<meta property=\"og:locale\" content=\"en_US\" \/>\n<meta property=\"og:type\" content=\"article\" \/>\n<meta property=\"og:title\" content=\"BENZINETANK BEVESTIGINGSPLAAT PLASTIC, VIERKANT - Ad v.d. Horst\" \/>\n<meta property=\"og:description\" content=\"Klein vierkant bevestigingsplaatje voor het monteren van de benzinetank van de Citro\u00ebn 2CV. Van dit vierkante schijfje gebruikt men er twee per auto, \u00e9\u00e9n aan de linkerkant en \u00e9\u00e9n aan de rechterkant van de tank, tussen de benzinetank en het chassis. Aan de voorzijde van de brandstoftank plaats men twee ronde vulbussen (zie artikelnummer A1.1162).\" \/>\n<meta property=\"og:url\" content=\"https:\/\/www.advdhorst.nl\/en\/product\/benzinetank-bevestigingsplaat-plastic-vierkant\/\" \/>\n<meta property=\"og:site_name\" content=\"Ad v.d. Horst\" \/>\n<meta property=\"article:modified_time\" content=\"2020-01-05T08:27:03+00:00\" \/>\n<meta property=\"og:image\" content=\"https:\/\/www.advdhorst.nl\/wp-content\/uploads\/2019\/03\/Tank-bevestigingsplaatje-klein.jpg\" \/>\n\t<meta property=\"og:image:width\" content=\"200\" \/>\n\t<meta property=\"og:image:height\" content=\"200\" \/>\n\t<meta property=\"og:image:type\" content=\"image\/jpeg\" \/>\n<meta name=\"twitter:card\" content=\"summary_large_image\" \/>\n<script type=\"application\/ld+json\" class=\"yoast-schema-graph\">{\"@context\":\"https:\\\/\\\/schema.org\",\"@graph\":[{\"@type\":\"WebPage\",\"@id\":\"https:\\\/\\\/www.advdhorst.nl\\\/en\\\/product\\\/benzinetank-bevestigingsplaat-plastic-vierkant\\\/\",\"url\":\"https:\\\/\\\/www.advdhorst.nl\\\/en\\\/product\\\/benzinetank-bevestigingsplaat-plastic-vierkant\\\/\",\"name\":\"BENZINETANK BEVESTIGINGSPLAAT PLASTIC, VIERKANT - Ad v.d. Horst\",\"isPartOf\":{\"@id\":\"https:\\\/\\\/www.advdhorst.nl\\\/en\\\/#website\"},\"primaryImageOfPage\":{\"@id\":\"https:\\\/\\\/www.advdhorst.nl\\\/en\\\/product\\\/benzinetank-bevestigingsplaat-plastic-vierkant\\\/#primaryimage\"},\"image\":{\"@id\":\"https:\\\/\\\/www.advdhorst.nl\\\/en\\\/product\\\/benzinetank-bevestigingsplaat-plastic-vierkant\\\/#primaryimage\"},\"thumbnailUrl\":\"https:\\\/\\\/www.advdhorst.nl\\\/wp-content\\\/uploads\\\/2019\\\/03\\\/Tank-bevestigingsplaatje-klein.jpg\",\"datePublished\":\"2019-03-03T09:43:19+00:00\",\"dateModified\":\"2020-01-05T08:27:03+00:00\",\"breadcrumb\":{\"@id\":\"https:\\\/\\\/www.advdhorst.nl\\\/en\\\/product\\\/benzinetank-bevestigingsplaat-plastic-vierkant\\\/#breadcrumb\"},\"inLanguage\":\"en-US\",\"potentialAction\":[{\"@type\":\"ReadAction\",\"target\":[\"https:\\\/\\\/www.advdhorst.nl\\\/en\\\/product\\\/benzinetank-bevestigingsplaat-plastic-vierkant\\\/\"]}]},{\"@type\":\"ImageObject\",\"inLanguage\":\"en-US\",\"@id\":\"https:\\\/\\\/www.advdhorst.nl\\\/en\\\/product\\\/benzinetank-bevestigingsplaat-plastic-vierkant\\\/#primaryimage\",\"url\":\"https:\\\/\\\/www.advdhorst.nl\\\/wp-content\\\/uploads\\\/2019\\\/03\\\/Tank-bevestigingsplaatje-klein.jpg\",\"contentUrl\":\"https:\\\/\\\/www.advdhorst.nl\\\/wp-content\\\/uploads\\\/2019\\\/03\\\/Tank-bevestigingsplaatje-klein.jpg\",\"width\":200,\"height\":200},{\"@type\":\"BreadcrumbList\",\"@id\":\"https:\\\/\\\/www.advdhorst.nl\\\/en\\\/product\\\/benzinetank-bevestigingsplaat-plastic-vierkant\\\/#breadcrumb\",\"itemListElement\":[{\"@type\":\"ListItem\",\"position\":1,\"name\":\"Home\",\"item\":\"https:\\\/\\\/www.advdhorst.nl\\\/en\\\/\"},{\"@type\":\"ListItem\",\"position\":2,\"name\":\"Shop\",\"item\":\"https:\\\/\\\/www.advdhorst.nl\\\/en\\\/shop\\\/\"},{\"@type\":\"ListItem\",\"position\":3,\"name\":\"BENZINETANK BEVESTIGINGSPLAAT PLASTIC, VIERKANT\"}]},{\"@type\":\"WebSite\",\"@id\":\"https:\\\/\\\/www.advdhorst.nl\\\/en\\\/#website\",\"url\":\"https:\\\/\\\/www.advdhorst.nl\\\/en\\\/\",\"name\":\"Ad v.d. Horst\",\"description\":\"D\u00e9 2CV &amp; Mehari Specialist\",\"potentialAction\":[{\"@type\":\"SearchAction\",\"target\":{\"@type\":\"EntryPoint\",\"urlTemplate\":\"https:\\\/\\\/www.advdhorst.nl\\\/en\\\/?s={search_term_string}\"},\"query-input\":{\"@type\":\"PropertyValueSpecification\",\"valueRequired\":true,\"valueName\":\"search_term_string\"}}],\"inLanguage\":\"en-US\"}]}<\/script>\n<!-- \/ Yoast SEO plugin. -->","yoast_head_json":{"title":"BENZINETANK BEVESTIGINGSPLAAT PLASTIC, VIERKANT - Ad v.d. Horst","robots":{"index":"index","follow":"follow","max-snippet":"max-snippet:-1","max-image-preview":"max-image-preview:large","max-video-preview":"max-video-preview:-1"},"canonical":"https:\/\/www.advdhorst.nl\/en\/product\/benzinetank-bevestigingsplaat-plastic-vierkant\/","og_locale":"en_US","og_type":"article","og_title":"BENZINETANK BEVESTIGINGSPLAAT PLASTIC, VIERKANT - Ad v.d. Horst","og_description":"Klein vierkant bevestigingsplaatje voor het monteren van de benzinetank van de Citro\u00ebn 2CV. Van dit vierkante schijfje gebruikt men er twee per auto, \u00e9\u00e9n aan de linkerkant en \u00e9\u00e9n aan de rechterkant van de tank, tussen de benzinetank en het chassis. Aan de voorzijde van de brandstoftank plaats men twee ronde vulbussen (zie artikelnummer A1.1162).","og_url":"https:\/\/www.advdhorst.nl\/en\/product\/benzinetank-bevestigingsplaat-plastic-vierkant\/","og_site_name":"Ad v.d. Horst","article_modified_time":"2020-01-05T08:27:03+00:00","og_image":[{"width":200,"height":200,"url":"https:\/\/www.advdhorst.nl\/wp-content\/uploads\/2019\/03\/Tank-bevestigingsplaatje-klein.jpg","type":"image\/jpeg"}],"twitter_card":"summary_large_image","schema":{"@context":"https:\/\/schema.org","@graph":[{"@type":"WebPage","@id":"https:\/\/www.advdhorst.nl\/en\/product\/benzinetank-bevestigingsplaat-plastic-vierkant\/","url":"https:\/\/www.advdhorst.nl\/en\/product\/benzinetank-bevestigingsplaat-plastic-vierkant\/","name":"BENZINETANK BEVESTIGINGSPLAAT PLASTIC, VIERKANT - Ad v.d. Horst","isPartOf":{"@id":"https:\/\/www.advdhorst.nl\/en\/#website"},"primaryImageOfPage":{"@id":"https:\/\/www.advdhorst.nl\/en\/product\/benzinetank-bevestigingsplaat-plastic-vierkant\/#primaryimage"},"image":{"@id":"https:\/\/www.advdhorst.nl\/en\/product\/benzinetank-bevestigingsplaat-plastic-vierkant\/#primaryimage"},"thumbnailUrl":"https:\/\/www.advdhorst.nl\/wp-content\/uploads\/2019\/03\/Tank-bevestigingsplaatje-klein.jpg","datePublished":"2019-03-03T09:43:19+00:00","dateModified":"2020-01-05T08:27:03+00:00","breadcrumb":{"@id":"https:\/\/www.advdhorst.nl\/en\/product\/benzinetank-bevestigingsplaat-plastic-vierkant\/#breadcrumb"},"inLanguage":"en-US","potentialAction":[{"@type":"ReadAction","target":["https:\/\/www.advdhorst.nl\/en\/product\/benzinetank-bevestigingsplaat-plastic-vierkant\/"]}]},{"@type":"ImageObject","inLanguage":"en-US","@id":"https:\/\/www.advdhorst.nl\/en\/product\/benzinetank-bevestigingsplaat-plastic-vierkant\/#primaryimage","url":"https:\/\/www.advdhorst.nl\/wp-content\/uploads\/2019\/03\/Tank-bevestigingsplaatje-klein.jpg","contentUrl":"https:\/\/www.advdhorst.nl\/wp-content\/uploads\/2019\/03\/Tank-bevestigingsplaatje-klein.jpg","width":200,"height":200},{"@type":"BreadcrumbList","@id":"https:\/\/www.advdhorst.nl\/en\/product\/benzinetank-bevestigingsplaat-plastic-vierkant\/#breadcrumb","itemListElement":[{"@type":"ListItem","position":1,"name":"Home","item":"https:\/\/www.advdhorst.nl\/en\/"},{"@type":"ListItem","position":2,"name":"Shop","item":"https:\/\/www.advdhorst.nl\/en\/shop\/"},{"@type":"ListItem","position":3,"name":"BENZINETANK BEVESTIGINGSPLAAT PLASTIC, VIERKANT"}]},{"@type":"WebSite","@id":"https:\/\/www.advdhorst.nl\/en\/#website","url":"https:\/\/www.advdhorst.nl\/en\/","name":"Ad v.d. Horst","description":"D\u00e9 2CV &amp; Mehari Specialist","potentialAction":[{"@type":"SearchAction","target":{"@type":"EntryPoint","urlTemplate":"https:\/\/www.advdhorst.nl\/en\/?s={search_term_string}"},"query-input":{"@type":"PropertyValueSpecification","valueRequired":true,"valueName":"search_term_string"}}],"inLanguage":"en-US"}]}},"_links":{"self":[{"href":"https:\/\/www.advdhorst.nl\/en\/wp-json\/wp\/v2\/product\/36487","targetHints":{"allow":["GET"]}}],"collection":[{"href":"https:\/\/www.advdhorst.nl\/en\/wp-json\/wp\/v2\/product"}],"about":[{"href":"https:\/\/www.advdhorst.nl\/en\/wp-json\/wp\/v2\/types\/product"}],"replies":[{"embeddable":true,"href":"https:\/\/www.advdhorst.nl\/en\/wp-json\/wp\/v2\/comments?post=36487"}],"wp:featuredmedia":[{"embeddable":true,"href":"https:\/\/www.advdhorst.nl\/en\/wp-json\/wp\/v2\/media\/36485"}],"wp:attachment":[{"href":"https:\/\/www.advdhorst.nl\/en\/wp-json\/wp\/v2\/media?parent=36487"}],"wp:term":[{"taxonomy":"product_brand","embeddable":true,"href":"https:\/\/www.advdhorst.nl\/en\/wp-json\/wp\/v2\/product_brand?post=36487"},{"taxonomy":"product_cat","embeddable":true,"href":"https:\/\/www.advdhorst.nl\/en\/wp-json\/wp\/v2\/product_cat?post=36487"},{"taxonomy":"product_tag","embeddable":true,"href":"https:\/\/www.advdhorst.nl\/en\/wp-json\/wp\/v2\/product_tag?post=36487"}],"curies":[{"name":"wp","href":"https:\/\/api.w.org\/{rel}","templated":true}]}}